{"id":9289,"date":"2022-03-25T14:55:42","date_gmt":"2022-03-25T14:55:42","guid":{"rendered":"https:\/\/urlaubinbelpaese.de\/accueil\/"},"modified":"2024-11-19T10:32:17","modified_gmt":"2024-11-19T10:32:17","slug":"accueil","status":"publish","type":"page","link":"https:\/\/urlaubinbelpaese.de\/fr\/","title":{"rendered":"Accueil"},"content":{"rendered":"\n<div class=\"wp-block-stackable-hero alignfull stk-block-hero stk-block stk-346fc19 stk-block-background stk--has-background-overlay\" data-v=\"2\" data-block-id=\"346fc19\"><style>.stk-346fc19{background-color:transparent !important;min-height:700px !important;align-items:center !important;margin-bottom:0px !important;display:flex !important}.stk-346fc19:before{opacity:0.5 !important;background-image:linear-gradient(90deg,0%,rgba(0,0,0,0) 100%) !important}.stk-346fc19 .stk-block-hero__content{min-height:500px !important;align-items:center !important;display:flex !important}<\/style><div class=\"stk-block-hero__content stk-content-align stk-346fc19-column alignwide stk-container stk-346fc19-container stk--no-background stk--no-padding\"><div class=\"stk-block-content stk-inner-blocks has-text-align-left stk-346fc19-inner-blocks\">\n<div class=\"wp-block-stackable-heading stk-block-heading stk-block-heading--v2 stk-block stk-be2ffff\" data-block-id=\"be2ffff\"><h2 class=\"stk-block-heading__text\"><\/h2><\/div>\n\n\n\n<div class=\"wp-block-stackable-text stk-block-text stk-block stk-b39eb09\" data-block-id=\"b39eb09\"><p class=\"stk-block-text__text\"><\/p><\/div>\n<\/div><\/div><video class=\"stk-video-background\" autoplay muted loop playsinline src=\"https:\/\/urlaubinbelpaese.de\/wp-content\/uploads\/sites\/2\/2024\/10\/Video-senza-titolo-Realizzato-con-Clipchamp-10.mp4\" poster=\"\"><\/video><\/div>\n\n<div style=\"height:23px\" aria-hidden=\"true\" class=\"wp-block-spacer\"><\/div>\n\n<div class=\"wp-block-stackable-spacer stk-block-spacer stk--no-padding stk-block stk-16cb550\" data-block-id=\"16cb550\"><style>.stk-16cb550{height:29px !important}@media screen and (max-width:1023px){.stk-16cb550{height:80px !important}}@media screen and (max-width:767px){.stk-16cb550{height:60px !important}}<\/style><\/div>\n\n<div class=\"localita-lista\"><a href=\"https:\/\/urlaubinbelpaese.de\/fr\/localita\/bellaria-igea-marina\/\" class=\"localita-box\"><img decoding=\"async\" src=\"https:\/\/urlaubinbelpaese.de\/wp-content\/uploads\/sites\/2\/2024\/11\/294769-Emilia-Romagna.jpg\" alt=\"Bellaria Igea Marina\"><span class=\"hotel-count\">10 H\u00f4tels disponibles<\/span><h2 class=\"localita-title\">Bellaria Igea Marina<\/h2><\/a><a href=\"https:\/\/urlaubinbelpaese.de\/fr\/localita\/misano-adriatico\/\" class=\"localita-box\"><img decoding=\"async\" src=\"https:\/\/urlaubinbelpaese.de\/wp-content\/uploads\/sites\/2\/2024\/11\/lungomare_misano_1.jpg\" alt=\"Misano Adriatico\"><span class=\"hotel-count\">3 H\u00f4tels disponibles<\/span><h2 class=\"localita-title\">Misano Adriatico<\/h2><\/a><a href=\"https:\/\/urlaubinbelpaese.de\/fr\/localita\/cervia\/\" class=\"localita-box\"><img decoding=\"async\" src=\"https:\/\/urlaubinbelpaese.de\/wp-content\/uploads\/sites\/2\/2024\/11\/crp570x610-cervia-1.jpg\" alt=\"Cervia\"><span class=\"hotel-count\">3 H\u00f4tels disponibles<\/span><h2 class=\"localita-title\">Cervia<\/h2><\/a><a href=\"https:\/\/urlaubinbelpaese.de\/fr\/localita\/lido-di-savio\/\" class=\"localita-box\"><img decoding=\"async\" src=\"https:\/\/urlaubinbelpaese.de\/wp-content\/uploads\/sites\/2\/2024\/11\/1655994289_85_lido-di-savio_9.jpg\" alt=\"Lido di Savio\"><span class=\"hotel-count\">2 H\u00f4tels disponibles<\/span><h2 class=\"localita-title\">Lido di Savio<\/h2><\/a><a href=\"https:\/\/urlaubinbelpaese.de\/fr\/localita\/gatteo-mare\/\" class=\"localita-box\"><img decoding=\"async\" src=\"https:\/\/urlaubinbelpaese.de\/wp-content\/uploads\/sites\/2\/2024\/11\/cosa-vedere-gatteo-mare-romagna.jpg\" alt=\"Gatteo Mare\"><span class=\"hotel-count\">2 H\u00f4tels disponibles<\/span><h2 class=\"localita-title\">Gatteo Mare<\/h2><\/a><a href=\"https:\/\/urlaubinbelpaese.de\/fr\/localita\/san-mauro-mare\/\" class=\"localita-box\"><img decoding=\"async\" src=\"https:\/\/urlaubinbelpaese.de\/wp-content\/uploads\/sites\/2\/2024\/11\/san-mauro-mare-panoramica-archivio-comune-san-mauro-cc-by-nc-sa-3.0-min-scaled.jpg\" alt=\"San Mauro Mare\"><span class=\"hotel-count\">2 H\u00f4tels disponibles<\/span><h2 class=\"localita-title\">San Mauro Mare<\/h2><\/a><a href=\"https:\/\/urlaubinbelpaese.de\/fr\/localita\/gabicce-mare\/\" class=\"localita-box\"><img decoding=\"async\" src=\"https:\/\/urlaubinbelpaese.de\/wp-content\/uploads\/sites\/2\/2024\/12\/GabicceMarePorto.jpg\" alt=\"Gabicce Mare\"><span class=\"hotel-count\">5 H\u00f4tels disponibles<\/span><h2 class=\"localita-title\">Gabicce Mare<\/h2><\/a><a href=\"https:\/\/urlaubinbelpaese.de\/fr\/localita\/milano-marittima\/\" class=\"localita-box\"><img decoding=\"async\" src=\"https:\/\/urlaubinbelpaese.de\/wp-content\/uploads\/sites\/2\/2024\/11\/2_24161.jpg\" alt=\"Milano Marittima\"><span class=\"hotel-count\">4 H\u00f4tels disponibles<\/span><h2 class=\"localita-title\">Milano Marittima<\/h2><\/a><a href=\"https:\/\/urlaubinbelpaese.de\/fr\/localita\/cattolica\/\" class=\"localita-box\"><img decoding=\"async\" src=\"https:\/\/urlaubinbelpaese.de\/wp-content\/uploads\/sites\/2\/2024\/12\/cattolica-1.jpg\" alt=\"Cattolica\"><span class=\"hotel-count\">4 H\u00f4tels disponibles<\/span><h2 class=\"localita-title\">Cattolica<\/h2><\/a><a href=\"https:\/\/urlaubinbelpaese.de\/fr\/localita\/cesenatico\/\" class=\"localita-box\"><img decoding=\"async\" src=\"https:\/\/urlaubinbelpaese.de\/wp-content\/uploads\/sites\/2\/2024\/11\/spiaggia-di-Cesenatico.jpg\" alt=\"Cesenatico\"><span class=\"hotel-count\">6 H\u00f4tels disponibles<\/span><h2 class=\"localita-title\">Cesenatico<\/h2><\/a><a href=\"https:\/\/urlaubinbelpaese.de\/fr\/localita\/giulianova-lido\/\" class=\"localita-box\"><img decoding=\"async\" src=\"https:\/\/urlaubinbelpaese.de\/wp-content\/uploads\/sites\/2\/2024\/12\/giulianovalido.jpg\" alt=\"Giulianova Lido\"><span class=\"hotel-count\">1 H\u00f4tel disponible<\/span><h2 class=\"localita-title\">Giulianova Lido<\/h2><\/a><a href=\"https:\/\/urlaubinbelpaese.de\/fr\/localita\/lido-di-jesolo\/\" class=\"localita-box\"><img decoding=\"async\" src=\"https:\/\/urlaubinbelpaese.de\/wp-content\/uploads\/sites\/2\/2024\/12\/Jesolo.jpg\" alt=\"Lido di Jesolo\"><span class=\"hotel-count\">1 H\u00f4tel disponible<\/span><h2 class=\"localita-title\">Lido di Jesolo<\/h2><\/a><a href=\"https:\/\/urlaubinbelpaese.de\/fr\/localita\/rimini\/\" class=\"localita-box\"><img decoding=\"async\" src=\"https:\/\/urlaubinbelpaese.de\/wp-content\/uploads\/sites\/2\/2024\/11\/rimini-letecka.jpg\" alt=\"Rimini\"><span class=\"hotel-count\">12 H\u00f4tels disponibles<\/span><h2 class=\"localita-title\">Rimini<\/h2><\/a><a href=\"https:\/\/urlaubinbelpaese.de\/fr\/localita\/riccione\/\" class=\"localita-box\"><img decoding=\"async\" src=\"https:\/\/urlaubinbelpaese.de\/wp-content\/uploads\/sites\/2\/2024\/12\/riccione-spiaggia.jpg\" alt=\"Riccione\"><span class=\"hotel-count\">10 H\u00f4tels disponibles<\/span><h2 class=\"localita-title\">Riccione<\/h2><\/a><\/div>\n\n<p><\/p>\n","protected":false},"excerpt":{"rendered":"","protected":false},"author":1,"featured_media":0,"parent":0,"menu_order":0,"comment_status":"closed","ping_status":"closed","template":"","meta":{"_acf_changed":false,"footnotes":""},"class_list":["post-9289","page","type-page","status-publish","hentry"],"blocksy_meta":{"styles_descriptor":{"styles":{"desktop":"","tablet":"","mobile":""},"google_fonts":[],"version":6}},"acf":[],"featured_image_urls":{"full":"","thumbnail":"","medium":"","medium_large":"","large":"","1536x1536":"","2048x2048":""},"post_excerpt_stackable":"<p>2 H\u00f4tels disponiblesGatteo Mare4 H\u00f4tels disponiblesCattolica4 H\u00f4tels disponiblesMilano Marittima3 H\u00f4tels disponiblesCervia1 H\u00f4tel disponibleGiulianova Lido10 H\u00f4tels disponiblesRiccione6 H\u00f4tels disponiblesCesenatico2 H\u00f4tels disponiblesSan Mauro Mare1 H\u00f4tel disponibleLido di Jesolo10 H\u00f4tels disponiblesBellaria Igea Marina12 H\u00f4tels disponiblesRimini5 H\u00f4tels disponiblesGabicce Mare3 H\u00f4tels disponiblesMisano Adriatico2 H\u00f4tels disponiblesLido di Savio<\/p>\n","category_list":"","author_info":{"name":"admin","url":"https:\/\/urlaubinbelpaese.de\/fr\/author\/mario\/"},"comments_num":"0 comments","_links":{"self":[{"href":"https:\/\/urlaubinbelpaese.de\/fr\/wp-json\/wp\/v2\/pages\/9289","targetHints":{"allow":["GET"]}}],"collection":[{"href":"https:\/\/urlaubinbelpaese.de\/fr\/wp-json\/wp\/v2\/pages"}],"about":[{"href":"https:\/\/urlaubinbelpaese.de\/fr\/wp-json\/wp\/v2\/types\/page"}],"author":[{"embeddable":true,"href":"https:\/\/urlaubinbelpaese.de\/fr\/wp-json\/wp\/v2\/users\/1"}],"replies":[{"embeddable":true,"href":"https:\/\/urlaubinbelpaese.de\/fr\/wp-json\/wp\/v2\/comments?post=9289"}],"version-history":[{"count":0,"href":"https:\/\/urlaubinbelpaese.de\/fr\/wp-json\/wp\/v2\/pages\/9289\/revisions"}],"wp:attachment":[{"href":"https:\/\/urlaubinbelpaese.de\/fr\/wp-json\/wp\/v2\/media?parent=9289"}],"curies":[{"name":"wp","href":"https:\/\/api.w.org\/{rel}","templated":true}]}}