{"id":9291,"date":"2022-03-25T14:55:42","date_gmt":"2022-03-25T14:55:42","guid":{"rendered":"https:\/\/urlaubinbelpaese.de\/startseite\/"},"modified":"2024-11-19T10:32:33","modified_gmt":"2024-11-19T10:32:33","slug":"startseite","status":"publish","type":"page","link":"https:\/\/urlaubinbelpaese.de\/de\/","title":{"rendered":"Startseite"},"content":{"rendered":"\n<div class=\"wp-block-stackable-hero alignfull stk-block-hero stk-block stk-346fc19 stk-block-background stk--has-background-overlay\" data-v=\"2\" data-block-id=\"346fc19\"><style>.stk-346fc19{background-color:transparent !important;min-height:700px !important;align-items:center !important;margin-bottom:0px !important;display:flex !important}.stk-346fc19:before{opacity:0.5 !important;background-image:linear-gradient(90deg,0%,rgba(0,0,0,0) 100%) !important}.stk-346fc19 .stk-block-hero__content{min-height:500px !important;align-items:center !important;display:flex !important}<\/style><div class=\"stk-block-hero__content stk-content-align stk-346fc19-column alignwide stk-container stk-346fc19-container stk--no-background stk--no-padding\"><div class=\"stk-block-content stk-inner-blocks has-text-align-left stk-346fc19-inner-blocks\">\n<div class=\"wp-block-stackable-heading stk-block-heading stk-block-heading--v2 stk-block stk-be2ffff\" data-block-id=\"be2ffff\"><h2 class=\"stk-block-heading__text\"><\/h2><\/div>\n\n\n\n<div class=\"wp-block-stackable-text stk-block-text stk-block stk-b39eb09\" data-block-id=\"b39eb09\"><p class=\"stk-block-text__text\"><\/p><\/div>\n<\/div><\/div><video class=\"stk-video-background\" autoplay muted loop playsinline src=\"https:\/\/urlaubinbelpaese.de\/wp-content\/uploads\/sites\/2\/2024\/10\/Video-senza-titolo-Realizzato-con-Clipchamp-10.mp4\" poster=\"\"><\/video><\/div>\n\n<div style=\"height:23px\" aria-hidden=\"true\" class=\"wp-block-spacer\"><\/div>\n\n<div class=\"wp-block-stackable-spacer stk-block-spacer stk--no-padding stk-block stk-16cb550\" data-block-id=\"16cb550\"><style>.stk-16cb550{height:29px !important}@media screen and (max-width:1023px){.stk-16cb550{height:80px !important}}@media screen and (max-width:767px){.stk-16cb550{height:60px !important}}<\/style><\/div>\n\n<div class=\"localita-lista\"><a href=\"https:\/\/urlaubinbelpaese.de\/de\/localita\/lido-di-savio\/\" class=\"localita-box\"><img decoding=\"async\" src=\"https:\/\/urlaubinbelpaese.de\/wp-content\/uploads\/sites\/2\/2024\/11\/1655994289_85_lido-di-savio_9.jpg\" alt=\"Lido di Savio\"><span class=\"hotel-count\">2 Hotels verf\u00fcgbar<\/span><h2 class=\"localita-title\">Lido di Savio<\/h2><\/a><a href=\"https:\/\/urlaubinbelpaese.de\/de\/localita\/lido-di-jesolo\/\" class=\"localita-box\"><img decoding=\"async\" src=\"https:\/\/urlaubinbelpaese.de\/wp-content\/uploads\/sites\/2\/2024\/12\/Jesolo.jpg\" alt=\"Lido di Jesolo\"><span class=\"hotel-count\">1 Hotel verf\u00fcgbar<\/span><h2 class=\"localita-title\">Lido di Jesolo<\/h2><\/a><a href=\"https:\/\/urlaubinbelpaese.de\/de\/localita\/rimini\/\" class=\"localita-box\"><img decoding=\"async\" src=\"https:\/\/urlaubinbelpaese.de\/wp-content\/uploads\/sites\/2\/2024\/11\/rimini-letecka.jpg\" alt=\"Rimini\"><span class=\"hotel-count\">12 Hotels verf\u00fcgbar<\/span><h2 class=\"localita-title\">Rimini<\/h2><\/a><a href=\"https:\/\/urlaubinbelpaese.de\/de\/localita\/cattolica\/\" class=\"localita-box\"><img decoding=\"async\" src=\"https:\/\/urlaubinbelpaese.de\/wp-content\/uploads\/sites\/2\/2024\/12\/cattolica-1.jpg\" alt=\"Cattolica\"><span class=\"hotel-count\">4 Hotels verf\u00fcgbar<\/span><h2 class=\"localita-title\">Cattolica<\/h2><\/a><a href=\"https:\/\/urlaubinbelpaese.de\/de\/localita\/bellaria-igea-marina\/\" class=\"localita-box\"><img decoding=\"async\" src=\"https:\/\/urlaubinbelpaese.de\/wp-content\/uploads\/sites\/2\/2024\/11\/294769-Emilia-Romagna.jpg\" alt=\"Bellaria Igea Marina\"><span class=\"hotel-count\">10 Hotels verf\u00fcgbar<\/span><h2 class=\"localita-title\">Bellaria Igea Marina<\/h2><\/a><a href=\"https:\/\/urlaubinbelpaese.de\/de\/localita\/misano-adriatico\/\" class=\"localita-box\"><img decoding=\"async\" src=\"https:\/\/urlaubinbelpaese.de\/wp-content\/uploads\/sites\/2\/2024\/11\/lungomare_misano_1.jpg\" alt=\"Misano Adriatico\"><span class=\"hotel-count\">3 Hotels verf\u00fcgbar<\/span><h2 class=\"localita-title\">Misano Adriatico<\/h2><\/a><a href=\"https:\/\/urlaubinbelpaese.de\/de\/localita\/cesenatico\/\" class=\"localita-box\"><img decoding=\"async\" src=\"https:\/\/urlaubinbelpaese.de\/wp-content\/uploads\/sites\/2\/2024\/11\/spiaggia-di-Cesenatico.jpg\" alt=\"Cesenatico\"><span class=\"hotel-count\">6 Hotels verf\u00fcgbar<\/span><h2 class=\"localita-title\">Cesenatico<\/h2><\/a><a href=\"https:\/\/urlaubinbelpaese.de\/de\/localita\/milano-marittima\/\" class=\"localita-box\"><img decoding=\"async\" src=\"https:\/\/urlaubinbelpaese.de\/wp-content\/uploads\/sites\/2\/2024\/11\/2_24161.jpg\" alt=\"Milano Marittima\"><span class=\"hotel-count\">4 Hotels verf\u00fcgbar<\/span><h2 class=\"localita-title\">Milano Marittima<\/h2><\/a><a href=\"https:\/\/urlaubinbelpaese.de\/de\/localita\/giulianova-lido\/\" class=\"localita-box\"><img decoding=\"async\" src=\"https:\/\/urlaubinbelpaese.de\/wp-content\/uploads\/sites\/2\/2024\/12\/giulianovalido.jpg\" alt=\"Giulianova Lido\"><span class=\"hotel-count\">1 Hotel verf\u00fcgbar<\/span><h2 class=\"localita-title\">Giulianova Lido<\/h2><\/a><a href=\"https:\/\/urlaubinbelpaese.de\/de\/localita\/gatteo-mare\/\" class=\"localita-box\"><img decoding=\"async\" src=\"https:\/\/urlaubinbelpaese.de\/wp-content\/uploads\/sites\/2\/2024\/11\/cosa-vedere-gatteo-mare-romagna.jpg\" alt=\"Gatteo Mare\"><span class=\"hotel-count\">2 Hotels verf\u00fcgbar<\/span><h2 class=\"localita-title\">Gatteo Mare<\/h2><\/a><a href=\"https:\/\/urlaubinbelpaese.de\/de\/localita\/cervia\/\" class=\"localita-box\"><img decoding=\"async\" src=\"https:\/\/urlaubinbelpaese.de\/wp-content\/uploads\/sites\/2\/2024\/11\/crp570x610-cervia-1.jpg\" alt=\"Cervia\"><span class=\"hotel-count\">3 Hotels verf\u00fcgbar<\/span><h2 class=\"localita-title\">Cervia<\/h2><\/a><a href=\"https:\/\/urlaubinbelpaese.de\/de\/localita\/gabicce-mare\/\" class=\"localita-box\"><img decoding=\"async\" src=\"https:\/\/urlaubinbelpaese.de\/wp-content\/uploads\/sites\/2\/2024\/12\/GabicceMarePorto.jpg\" alt=\"Gabicce Mare\"><span class=\"hotel-count\">5 Hotels verf\u00fcgbar<\/span><h2 class=\"localita-title\">Gabicce Mare<\/h2><\/a><a href=\"https:\/\/urlaubinbelpaese.de\/de\/localita\/san-mauro-mare\/\" class=\"localita-box\"><img decoding=\"async\" src=\"https:\/\/urlaubinbelpaese.de\/wp-content\/uploads\/sites\/2\/2024\/11\/san-mauro-mare-panoramica-archivio-comune-san-mauro-cc-by-nc-sa-3.0-min-scaled.jpg\" alt=\"San Mauro Mare\"><span class=\"hotel-count\">2 Hotels verf\u00fcgbar<\/span><h2 class=\"localita-title\">San Mauro Mare<\/h2><\/a><a href=\"https:\/\/urlaubinbelpaese.de\/de\/localita\/riccione\/\" class=\"localita-box\"><img decoding=\"async\" src=\"https:\/\/urlaubinbelpaese.de\/wp-content\/uploads\/sites\/2\/2024\/12\/riccione-spiaggia.jpg\" alt=\"Riccione\"><span class=\"hotel-count\">10 Hotels verf\u00fcgbar<\/span><h2 class=\"localita-title\">Riccione<\/h2><\/a><\/div>\n\n<p><\/p>\n","protected":false},"excerpt":{"rendered":"","protected":false},"author":1,"featured_media":0,"parent":0,"menu_order":0,"comment_status":"closed","ping_status":"closed","template":"","meta":{"_acf_changed":false,"footnotes":""},"class_list":["post-9291","page","type-page","status-publish","hentry"],"blocksy_meta":{"styles_descriptor":{"styles":{"desktop":"","tablet":"","mobile":""},"google_fonts":[],"version":6}},"acf":[],"featured_image_urls":{"full":"","thumbnail":"","medium":"","medium_large":"","large":"","1536x1536":"","2048x2048":""},"post_excerpt_stackable":"<p>3 Hotels verf\u00fcgbarMisano Adriatico2 Hotels verf\u00fcgbarSan Mauro Mare5 Hotels verf\u00fcgbarGabicce Mare10 Hotels verf\u00fcgbarRiccione6 Hotels verf\u00fcgbarCesenatico1 Hotel verf\u00fcgbarGiulianova Lido4 Hotels verf\u00fcgbarMilano Marittima1 Hotel verf\u00fcgbarLido di Jesolo12 Hotels verf\u00fcgbarRimini3 Hotels verf\u00fcgbarCervia2 Hotels verf\u00fcgbarLido di Savio10 Hotels verf\u00fcgbarBellaria Igea Marina4 Hotels verf\u00fcgbarCattolica2 Hotels verf\u00fcgbarGatteo Mare<\/p>\n","category_list":"","author_info":{"name":"admin","url":"https:\/\/urlaubinbelpaese.de\/de\/author\/mario\/"},"comments_num":"0 comments","_links":{"self":[{"href":"https:\/\/urlaubinbelpaese.de\/de\/wp-json\/wp\/v2\/pages\/9291","targetHints":{"allow":["GET"]}}],"collection":[{"href":"https:\/\/urlaubinbelpaese.de\/de\/wp-json\/wp\/v2\/pages"}],"about":[{"href":"https:\/\/urlaubinbelpaese.de\/de\/wp-json\/wp\/v2\/types\/page"}],"author":[{"embeddable":true,"href":"https:\/\/urlaubinbelpaese.de\/de\/wp-json\/wp\/v2\/users\/1"}],"replies":[{"embeddable":true,"href":"https:\/\/urlaubinbelpaese.de\/de\/wp-json\/wp\/v2\/comments?post=9291"}],"version-history":[{"count":0,"href":"https:\/\/urlaubinbelpaese.de\/de\/wp-json\/wp\/v2\/pages\/9291\/revisions"}],"wp:attachment":[{"href":"https:\/\/urlaubinbelpaese.de\/de\/wp-json\/wp\/v2\/media?parent=9291"}],"curies":[{"name":"wp","href":"https:\/\/api.w.org\/{rel}","templated":true}]}}